{"id":1186,"date":"2025-11-11T13:36:16","date_gmt":"2025-11-11T13:36:16","guid":{"rendered":"https:\/\/institutdakini.com\/?page_id=1186"},"modified":"2025-11-19T19:56:34","modified_gmt":"2025-11-19T19:56:34","slug":"page-therapeute-sophiane","status":"publish","type":"page","link":"https:\/\/institutdakini.com\/en\/page-therapeute-sophiane\/","title":{"rendered":"Page Th\u00e9rapeute &#8211; Sophiane"},"content":{"rendered":"<p>[et_pb_section fb_built=\u00a0\u00bb1&Prime; _builder_version=\u00a0\u00bb4.25.0&Prime; _module_preset=\u00a0\u00bbdefault\u00a0\u00bb global_colors_info=\u00a0\u00bb{}\u00a0\u00bb][et_pb_row _builder_version=\u00a0\u00bb4.25.0&Prime; _module_preset=\u00a0\u00bbdefault\u00a0\u00bb global_colors_info=\u00a0\u00bb{}\u00a0\u00bb][et_pb_column type=\u00a0\u00bb4_4&Prime; _builder_version=\u00a0\u00bb4.25.0&Prime; _module_preset=\u00a0\u00bbdefault\u00a0\u00bb global_colors_info=\u00a0\u00bb{}\u00a0\u00bb][et_pb_text _builder_version=\u00a0\u00bb4.25.0&Prime; _dynamic_attributes=\u00a0\u00bblink_option_url\u00a0\u00bb _module_preset=\u00a0\u00bb_initial\u00a0\u00bb text_font_size=\u00a0\u00bb15px\u00a0\u00bb link_option_url=\u00a0\u00bb@ET-DC@eyJkeW5hbWljIjp0cnVlLCJjb250ZW50IjoicG9zdF9saW5rX3VybF9wYWdlIiwic2V0dGluZ3MiOnsicG9zdF9pZCI6IjE4NDAifX0=@\u00a0\u00bb global_colors_info=\u00a0\u00bb{}\u00a0\u00bb]<\/p>\n<p>Revenir \u00e0 la page des th\u00e9rapeutes &gt;<\/p>\n<p>[\/et_pb_text][et_pb_team_member name=\u00a0\u00bbSophiane\u00a0\u00bb position=\u00a0\u00bbCat\u00e9gorie de th\u00e9rapeute\u00a0\u00bb image_url=\u00a0\u00bbhttps:\/\/institutdakini.com\/wp-content\/uploads\/2025\/11\/Soin-de-groupe-500-x-500-px.png\u00a0\u00bb _builder_version=\u00a0\u00bb4.27.4&Prime; _module_preset=\u00a0\u00bbdefault\u00a0\u00bb custom_margin=\u00a0\u00bb||43px|||\u00a0\u00bb custom_padding=\u00a0\u00bb||0px|||\u00a0\u00bb border_width_all_image=\u00a0\u00bb1px\u00a0\u00bb border_color_all_image=\u00a0\u00bb#FFFFFF\u00a0\u00bb box_shadow_style_image=\u00a0\u00bbpreset1&Prime; box_shadow_spread_image=\u00a0\u00bb8px\u00a0\u00bb box_shadow_color_image=\u00a0\u00bb#E1B777&Prime; global_colors_info=\u00a0\u00bb{}\u00a0\u00bb]<\/p>\n<p><strong>\u00a0D\u00e9fi relationnel et familial \u2013 Lib\u00e9ration &#8211; Ancrage<\/strong><\/p>\n<p>Je t\u2019accompagne pour que tu cr\u00e9es un quotidien \u00e0 ton image, align\u00e9 et rempli de sens.<br \/>Si tu souhaites vivre plus d\u2019harmonie, de joie et de l\u00e9g\u00e8ret\u00e9, que tu d\u00e9sires VIVRE au lieu de SUBIR, que tu veux enfin te lib\u00e9rer de certaines croyances limitantes, de blocages, d\u2019\u00e9motions enfouies et m\u00eame de transmissions de blessures interg\u00e9n\u00e9rationnelles, mon accompagnement est pour toi.<\/p>\n<p>Mon but est que tu repartes avec un syst\u00e8me nerveux rel\u00e2ch\u00e9, un sentiment de s\u00e9curit\u00e9, de clart\u00e9 et de confiance en toi. Je t\u2019accueil dans un espace o\u00f9 il est enfin possible de d\u00e9poser les croyances, les masques, les couches \u00e9motionnelles qui t\u2019emp\u00eachent d\u2019\u00caTRE pleinement. Mon intention est que tu te sentes accueilli avec une profonde douceur, dans une s\u00e9curit\u00e9 o\u00f9 ta propre puissance peut \u00e9merger.<\/p>\n<p>Je t\u2019accueil avec bienveillance, douceur et avec une capacit\u00e9 d\u2019\u00e9coute hors pair o\u00f9 tu pourras enfin te nommer et laisser aller ce qui p\u00e8se.<\/p>\n<p>Si tu d\u00e9sires qu\u2019on marche un bout de chemin ensemble, contactes moi ici\u00a0:<br \/>sophiane.pelletier@hotmail.fr<\/p>\n<p>[\/et_pb_team_member][et_pb_button button_url=\u00a0\u00bbmailto:sophiane.pelletier@hotmail.fr\u00a0\u00bb url_new_window=\u00a0\u00bbon\u00a0\u00bb button_text=\u00a0\u00bbPrendre RDV avec Sophiane\u00a0\u00bb button_alignment=\u00a0\u00bbcenter\u00a0\u00bb _builder_version=\u00a0\u00bb4.27.4&Prime; _module_preset=\u00a0\u00bbdefault\u00a0\u00bb button_text_size=\u00a0\u00bb18px\u00a0\u00bb button_text_color=\u00a0\u00bb#FFFFFF\u00a0\u00bb button_bg_color=\u00a0\u00bb#E1B777&Prime; button_border_color=\u00a0\u00bb#FFFFFF\u00a0\u00bb background_layout=\u00a0\u00bbdark\u00a0\u00bb custom_margin=\u00a0\u00bb||53px|||\u00a0\u00bb box_shadow_style=\u00a0\u00bbpreset1&Prime; box_shadow_spread=\u00a0\u00bb10px\u00a0\u00bb box_shadow_color=\u00a0\u00bb#E1B777&Prime; global_colors_info=\u00a0\u00bb{}\u00a0\u00bb][\/et_pb_button][et_pb_text _builder_version=\u00a0\u00bb4.26.0&Prime; _dynamic_attributes=\u00a0\u00bblink_option_url\u00a0\u00bb _module_preset=\u00a0\u00bb_initial\u00a0\u00bb text_font_size=\u00a0\u00bb24px\u00a0\u00bb link_option_url=\u00a0\u00bb@ET-DC@eyJkeW5hbWljIjp0cnVlLCJjb250ZW50IjoicG9zdF9saW5rX3VybF9wYWdlIiwic2V0dGluZ3MiOnsicG9zdF9pZCI6IjE4NDAifX0=@\u00a0\u00bb global_colors_info=\u00a0\u00bb{}\u00a0\u00bb]<\/p>\n<p>Revenir \u00e0 la page des th\u00e9rapeutes &gt;<\/p>\n<p>[\/et_pb_text][\/et_pb_column][\/et_pb_row][\/et_pb_section]<\/p>\n","protected":false},"excerpt":{"rendered":"<p>Revenir \u00e0 la page des th\u00e9rapeutes &gt;\u00a0D\u00e9fi relationnel et familial \u2013 Lib\u00e9ration &#8211; Ancrage Je t\u2019accompagne pour que tu cr\u00e9es un quotidien \u00e0 ton image, align\u00e9 et rempli de sens.Si tu souhaites vivre plus d\u2019harmonie, de joie et de l\u00e9g\u00e8ret\u00e9, que tu d\u00e9sires VIVRE au lieu de SUBIR, que tu veux enfin te lib\u00e9rer de [&hellip;]<\/p>\n","protected":false},"author":1,"featured_media":0,"parent":0,"menu_order":0,"comment_status":"closed","ping_status":"closed","template":"","meta":{"_et_pb_use_builder":"on","_et_pb_old_content":"","_et_gb_content_width":"","footnotes":""},"class_list":["post-1186","page","type-page","status-publish","hentry"],"_links":{"self":[{"href":"https:\/\/institutdakini.com\/en\/wp-json\/wp\/v2\/pages\/1186","targetHints":{"allow":["GET"]}}],"collection":[{"href":"https:\/\/institutdakini.com\/en\/wp-json\/wp\/v2\/pages"}],"about":[{"href":"https:\/\/institutdakini.com\/en\/wp-json\/wp\/v2\/types\/page"}],"author":[{"embeddable":true,"href":"https:\/\/institutdakini.com\/en\/wp-json\/wp\/v2\/users\/1"}],"replies":[{"embeddable":true,"href":"https:\/\/institutdakini.com\/en\/wp-json\/wp\/v2\/comments?post=1186"}],"version-history":[{"count":6,"href":"https:\/\/institutdakini.com\/en\/wp-json\/wp\/v2\/pages\/1186\/revisions"}],"predecessor-version":[{"id":1214,"href":"https:\/\/institutdakini.com\/en\/wp-json\/wp\/v2\/pages\/1186\/revisions\/1214"}],"wp:attachment":[{"href":"https:\/\/institutdakini.com\/en\/wp-json\/wp\/v2\/media?parent=1186"}],"curies":[{"name":"wp","href":"https:\/\/api.w.org\/{rel}","templated":true}]}}