{"id":129,"date":"2025-08-20T11:06:25","date_gmt":"2025-08-20T11:06:25","guid":{"rendered":"https:\/\/institutdakini.com\/?page_id=129"},"modified":"2026-03-10T19:03:52","modified_gmt":"2026-03-10T19:03:52","slug":"page-therapeute-anne-marie","status":"publish","type":"page","link":"https:\/\/institutdakini.com\/en\/page-therapeute-anne-marie\/","title":{"rendered":"Page th\u00e9rapeute &#8211; Anne-Marie"},"content":{"rendered":"<p>[et_pb_section fb_built=\u00a0\u00bb1&Prime; _builder_version=\u00a0\u00bb4.27.6&Prime; _module_preset=\u00a0\u00bbdefault\u00a0\u00bb hover_enabled=\u00a0\u00bb0&Prime; da_disable_devices=\u00a0\u00bboff|off|off\u00a0\u00bb global_colors_info=\u00a0\u00bb{%22gcid-e1aca236-4c73-4d38-867a-b68911d708e4%22:%91%22background_color%22%93}\u00a0\u00bb background_color=\u00a0\u00bbgcid-e1aca236-4c73-4d38-867a-b68911d708e4&Prime; sticky_enabled=\u00a0\u00bb0&Prime; da_is_popup=\u00a0\u00bboff\u00a0\u00bb da_exit_intent=\u00a0\u00bboff\u00a0\u00bb da_has_close=\u00a0\u00bbon\u00a0\u00bb da_alt_close=\u00a0\u00bboff\u00a0\u00bb da_dark_close=\u00a0\u00bboff\u00a0\u00bb da_not_modal=\u00a0\u00bbon\u00a0\u00bb da_is_singular=\u00a0\u00bboff\u00a0\u00bb da_with_loader=\u00a0\u00bboff\u00a0\u00bb da_has_shadow=\u00a0\u00bbon\u00a0\u00bb][et_pb_row _builder_version=\u00a0\u00bb4.27.4&Prime; _module_preset=\u00a0\u00bbdefault\u00a0\u00bb global_colors_info=\u00a0\u00bb{}\u00a0\u00bb][et_pb_column type=\u00a0\u00bb4_4&Prime; _builder_version=\u00a0\u00bb4.25.0&Prime; _module_preset=\u00a0\u00bbdefault\u00a0\u00bb global_colors_info=\u00a0\u00bb{}\u00a0\u00bb][et_pb_text _builder_version=\u00a0\u00bb4.25.0&Prime; _dynamic_attributes=\u00a0\u00bblink_option_url\u00a0\u00bb _module_preset=\u00a0\u00bb_initial\u00a0\u00bb text_font_size=\u00a0\u00bb15px\u00a0\u00bb link_option_url=\u00a0\u00bb@ET-DC@eyJkeW5hbWljIjp0cnVlLCJjb250ZW50IjoicG9zdF9saW5rX3VybF9wYWdlIiwic2V0dGluZ3MiOnsicG9zdF9pZCI6IjE4NDAifX0=@\u00a0\u00bb global_colors_info=\u00a0\u00bb{}\u00a0\u00bb]<\/p>\n<p>Revenir \u00e0 la page des th\u00e9rapeutes &gt;<\/p>\n<p>[\/et_pb_text][et_pb_team_member name=\u00a0\u00bbAnne-Marie |  S\u00e9ance de 90 minutes\u00a0\u00bb position=\u00a0\u00bbCat\u00e9gorie de th\u00e9rapeute\u00a0\u00bb image_url=\u00a0\u00bbhttps:\/\/institutdakini.com\/wp-content\/uploads\/2025\/07\/IMG_2222.jpg\u00a0\u00bb _builder_version=\u00a0\u00bb4.27.4&Prime; _module_preset=\u00a0\u00bbdefault\u00a0\u00bb custom_margin=\u00a0\u00bb||34px|||\u00a0\u00bb custom_padding=\u00a0\u00bb||0px|||\u00a0\u00bb box_shadow_style_image=\u00a0\u00bbpreset1&Prime; box_shadow_spread_image=\u00a0\u00bb6px\u00a0\u00bb box_shadow_color_image=\u00a0\u00bb#E1B777&Prime; global_colors_info=\u00a0\u00bb{}\u00a0\u00bb]<\/p>\n<p><b style=\"font-size: 18px;\"><\/b><\/p>\n<p><b style=\"font-size: 18px;\">Protection (retrait entit\u00e9s) \u2013 Vies ant\u00e9rieures \u2013 Harmonisation<\/b><b><\/b><\/p>\n<p>En connectant \u00e0 ton \u00e2me, je t\u2019aide \u00e0 lib\u00e9rer ta part d\u2019ombre et \u00e0 d\u00e9programmer ce qui t\u2019emp\u00eache d\u2019avancer. Mon but est donc de t\u2019offrir un espace s\u00e9curitaire afin de faire ressortir TA LUMI\u00c8RE et d\u2019incarner pleinement TA V\u00c9RIT\u00c9.<\/p>\n<p>Gr\u00e2ce \u00e0 cette sagesse qui m\u2019habite et \u00e0 ma capacit\u00e9 \u00e0 connecter \u00e0 plus grand que moi, je te partage des cl\u00e9s pour reprendre ton pouvoir et redevenir cr\u00e9ateur(trice) de ta vie. Pour ce faire, je canalise les messages de ton \u00e2me, en plus de travailler \u00e9nerg\u00e9tiquement sur tes corps \u00e9nerg\u00e9tique, physique, \u00e9motionnel et mental.<\/p>\n<p>Ensemble, nous allons \u00e9lever ta vibration et acc\u00e9der \u00e0 une nouvelle version de toi, align\u00e9e \u00e0 ta mission de vie.<\/p>\n<p><span style=\"text-decoration: underline;\"><span style=\"font-weight: 400;\">B\u00e9n\u00e9fices :<\/span><\/span>\u00a0<\/p>\n<ol>\n<li style=\"font-weight: 400;\" aria-level=\"1\"><b>Renforcement de ta protection, retrait des entit\u00e9s et nettoyage de ton champ<br \/>\u00e9nerg\u00e9tique<\/b><\/li>\n<li style=\"font-weight: 400;\" aria-level=\"1\"><b>Connexion \u00e0 tes archives akashiques afin d\u2019acc\u00e9der une meilleure harmonie dans ta vie<br \/>actuelle (relations, karmas, peurs incontr\u00f4lables, etc.)<\/b><\/li>\n<li style=\"font-weight: 400;\" aria-level=\"1\"><b>Lib\u00e9ration des des blocages (physique, \u00e9motionnel, mental et \u00e9nerg\u00e9tique) pour t&rsquo;accompagner vers un bien-\u00eatre durable<\/b><\/li>\n<li style=\"font-weight: 400;\" aria-level=\"1\"><b>Reconnexion \u00e0 toutes les parties de toi pour incarner pleinement ta mission de vie.<\/b><\/li>\n<\/ol>\n<p>[\/et_pb_team_member][et_pb_button button_url=\u00a0\u00bbhttps:\/\/tidycal.com\/blackann88\/soin-dakini\u00a0\u00bb url_new_window=\u00a0\u00bbon\u00a0\u00bb button_text=\u00a0\u00bbPrendre RDV avec Anne-Marie\u00a0\u00bb button_alignment=\u00a0\u00bbcenter\u00a0\u00bb _builder_version=\u00a0\u00bb4.27.4&Prime; _module_preset=\u00a0\u00bbdefault\u00a0\u00bb button_text_size=\u00a0\u00bb18px\u00a0\u00bb button_text_color=\u00a0\u00bb#FFFFFF\u00a0\u00bb button_bg_color=\u00a0\u00bb#E1B777&Prime; button_border_color=\u00a0\u00bb#FFFFFF\u00a0\u00bb background_layout=\u00a0\u00bbdark\u00a0\u00bb custom_margin=\u00a0\u00bb||54px|||\u00a0\u00bb box_shadow_style=\u00a0\u00bbpreset1&Prime; box_shadow_color=\u00a0\u00bb#E1B777&Prime; global_colors_info=\u00a0\u00bb{}\u00a0\u00bb][\/et_pb_button][et_pb_video src=\u00a0\u00bbhttps:\/\/marievelemay.com\/wp-content\/uploads\/2024\/07\/IMG_5522.mov\u00a0\u00bb _builder_version=\u00a0\u00bb4.27.0&Prime; _module_preset=\u00a0\u00bbdefault\u00a0\u00bb global_colors_info=\u00a0\u00bb{}\u00a0\u00bb][\/et_pb_video][et_pb_video _builder_version=\u00a0\u00bb4.27.0&Prime; _module_preset=\u00a0\u00bbdefault\u00a0\u00bb custom_margin=\u00a0\u00bb22px|||||\u00a0\u00bb global_colors_info=\u00a0\u00bb{}\u00a0\u00bb][\/et_pb_video][et_pb_text _builder_version=\u00a0\u00bb4.26.0&Prime; _dynamic_attributes=\u00a0\u00bblink_option_url\u00a0\u00bb _module_preset=\u00a0\u00bb_initial\u00a0\u00bb text_font_size=\u00a0\u00bb24px\u00a0\u00bb link_option_url=\u00a0\u00bb@ET-DC@eyJkeW5hbWljIjp0cnVlLCJjb250ZW50IjoicG9zdF9saW5rX3VybF9wYWdlIiwic2V0dGluZ3MiOnsicG9zdF9pZCI6IjE4NDAifX0=@\u00a0\u00bb global_colors_info=\u00a0\u00bb{}\u00a0\u00bb]<\/p>\n<p>Revenir \u00e0 la page des th\u00e9rapeutes &gt;<\/p>\n<p>[\/et_pb_text][\/et_pb_column][\/et_pb_row][\/et_pb_section]<\/p>\n","protected":false},"excerpt":{"rendered":"<p>Revenir \u00e0 la page des th\u00e9rapeutes &gt; Protection (retrait entit\u00e9s) \u2013 Vies ant\u00e9rieures \u2013 Harmonisation En connectant \u00e0 ton \u00e2me, je t\u2019aide \u00e0 lib\u00e9rer ta part d\u2019ombre et \u00e0 d\u00e9programmer ce qui t\u2019emp\u00eache d\u2019avancer. Mon but est donc de t\u2019offrir un espace s\u00e9curitaire afin de faire ressortir TA LUMI\u00c8RE et d\u2019incarner pleinement TA V\u00c9RIT\u00c9. Gr\u00e2ce [&hellip;]<\/p>\n","protected":false},"author":1,"featured_media":0,"parent":0,"menu_order":0,"comment_status":"closed","ping_status":"closed","template":"","meta":{"_et_pb_use_builder":"on","_et_pb_old_content":"","_et_gb_content_width":"","footnotes":""},"class_list":["post-129","page","type-page","status-publish","hentry"],"_links":{"self":[{"href":"https:\/\/institutdakini.com\/en\/wp-json\/wp\/v2\/pages\/129","targetHints":{"allow":["GET"]}}],"collection":[{"href":"https:\/\/institutdakini.com\/en\/wp-json\/wp\/v2\/pages"}],"about":[{"href":"https:\/\/institutdakini.com\/en\/wp-json\/wp\/v2\/types\/page"}],"author":[{"embeddable":true,"href":"https:\/\/institutdakini.com\/en\/wp-json\/wp\/v2\/users\/1"}],"replies":[{"embeddable":true,"href":"https:\/\/institutdakini.com\/en\/wp-json\/wp\/v2\/comments?post=129"}],"version-history":[{"count":1,"href":"https:\/\/institutdakini.com\/en\/wp-json\/wp\/v2\/pages\/129\/revisions"}],"predecessor-version":[{"id":1743,"href":"https:\/\/institutdakini.com\/en\/wp-json\/wp\/v2\/pages\/129\/revisions\/1743"}],"wp:attachment":[{"href":"https:\/\/institutdakini.com\/en\/wp-json\/wp\/v2\/media?parent=129"}],"curies":[{"name":"wp","href":"https:\/\/api.w.org\/{rel}","templated":true}]}}