{"id":137,"date":"2025-08-20T11:11:18","date_gmt":"2025-08-20T11:11:18","guid":{"rendered":"https:\/\/institutdakini.com\/?page_id=137"},"modified":"2026-03-31T13:08:29","modified_gmt":"2026-03-31T13:08:29","slug":"page-therapeute-marieve","status":"publish","type":"page","link":"https:\/\/institutdakini.com\/en\/page-therapeute-marieve\/","title":{"rendered":"Page th\u00e9rapeute &#8211; Mari\u00e8ve"},"content":{"rendered":"<p>[et_pb_section fb_built=\u00a0\u00bb1&Prime; _builder_version=\u00a0\u00bb4.27.6&Prime; _module_preset=\u00a0\u00bbdefault\u00a0\u00bb background_color=\u00a0\u00bbgcid-e1aca236-4c73-4d38-867a-b68911d708e4&Prime; da_disable_devices=\u00a0\u00bboff|off|off\u00a0\u00bb global_colors_info=\u00a0\u00bb{%22gcid-e1aca236-4c73-4d38-867a-b68911d708e4%22:%91%22background_color%22%93}\u00a0\u00bb da_is_popup=\u00a0\u00bboff\u00a0\u00bb da_exit_intent=\u00a0\u00bboff\u00a0\u00bb da_has_close=\u00a0\u00bbon\u00a0\u00bb da_alt_close=\u00a0\u00bboff\u00a0\u00bb da_dark_close=\u00a0\u00bboff\u00a0\u00bb da_not_modal=\u00a0\u00bbon\u00a0\u00bb da_is_singular=\u00a0\u00bboff\u00a0\u00bb da_with_loader=\u00a0\u00bboff\u00a0\u00bb da_has_shadow=\u00a0\u00bbon\u00a0\u00bb][et_pb_row _builder_version=\u00a0\u00bb4.25.0&Prime; _module_preset=\u00a0\u00bbdefault\u00a0\u00bb global_colors_info=\u00a0\u00bb{}\u00a0\u00bb][et_pb_column type=\u00a0\u00bb4_4&Prime; _builder_version=\u00a0\u00bb4.25.0&Prime; _module_preset=\u00a0\u00bbdefault\u00a0\u00bb global_colors_info=\u00a0\u00bb{}\u00a0\u00bb][et_pb_text _builder_version=\u00a0\u00bb4.25.0&Prime; _dynamic_attributes=\u00a0\u00bblink_option_url\u00a0\u00bb _module_preset=\u00a0\u00bb_initial\u00a0\u00bb text_font_size=\u00a0\u00bb15px\u00a0\u00bb link_option_url=\u00a0\u00bb@ET-DC@eyJkeW5hbWljIjp0cnVlLCJjb250ZW50IjoicG9zdF9saW5rX3VybF9wYWdlIiwic2V0dGluZ3MiOnsicG9zdF9pZCI6IjE4NDAifX0=@\u00a0\u00bb global_colors_info=\u00a0\u00bb{}\u00a0\u00bb]<\/p>\n<p>Revenir \u00e0 la page des th\u00e9rapeutes &gt;<\/p>\n<p>[\/et_pb_text][et_pb_team_member name=\u00a0\u00bbMari\u00e8ve \u00a0\u00bb image_url=\u00a0\u00bbhttps:\/\/institutdakini.com\/wp-content\/uploads\/2025\/07\/Ajouter-un-titre.png\u00a0\u00bb _builder_version=\u00a0\u00bb4.27.4&Prime; _module_preset=\u00a0\u00bbdefault\u00a0\u00bb custom_margin=\u00a0\u00bb||-56px|||\u00a0\u00bb custom_padding=\u00a0\u00bb||0px|||\u00a0\u00bb box_shadow_style_image=\u00a0\u00bbpreset1&Prime; box_shadow_spread_image=\u00a0\u00bb9px\u00a0\u00bb box_shadow_color_image=\u00a0\u00bb#E1B777&Prime; global_colors_info=\u00a0\u00bb{}\u00a0\u00bb]<\/p>\n<p><strong>Gr\u00e2ce \u00e0 mes dons, voici ce que tu peux exp\u00e9rimenter*:<\/strong><\/p>\n<ul>\n<li>Att\u00e9nuer tes douleurs chroniques<\/li>\n<li>Lib\u00e9rer les inconforts accumul\u00e9s dans ton corps<\/li>\n<li>Retrouver une pleine pr\u00e9sence dans ton corps<\/li>\n<li>Augmenter ton niveau d&rsquo;\u00e9nergie<\/li>\n<li>Reprendre une vie normale qui ne tourne plus autour de tes restrictions physiques<\/li>\n<\/ul>\n<p><strong style=\"font-size: 18px;\">Pour les enfants de 0-14 ans <\/strong><span style=\"font-size: 18px;\">(l&rsquo;enfant n&rsquo;est pas pr\u00e9sent pendant la s\u00e9ance)*<\/span><strong style=\"font-size: 18px;\"> :<\/strong><\/p>\n<ul>\n<li>Am\u00e9lioration des comportements (gestion de la col\u00e8re, gestes ou mots violents, facilit\u00e9 \u00e0 se faire des amis, etc.)<\/li>\n<li>\u00c9liminer le stress de s\u00e9paration<\/li>\n<li>Diminution des d\u00e9fis physiques (allergies, ecz\u00e9ma, douleurs, etc.)<\/li>\n<li>Favoriser l\u2019\u00e9quilibre et l\u2019harmonie dans le cadre familial<\/li>\n<li>R\u00e9gulation du sommeil<\/li>\n<\/ul>\n<p><strong>Des centaines de clients ont observ\u00e9 \u00a0une am\u00e9lioration significative de leur bien-\u00eatre ou celui de leur enfant apr\u00e8s seulement une s\u00e9ance.\u00a0<\/strong><\/p>\n<p>Je travaille seulement avec les probl\u00e9matiques \u00e9num\u00e9r\u00e9es si haut. Si la tienne ne s&rsquo;y trouvent pas, stp m&rsquo;\u00e9crire directement \u00e0 <a href=\"mailto:info@marievelemay.com\">info@marievelemay.com <\/a>pour discuter des possibilit\u00e9s qui s&rsquo;offrent \u00e0 toi.<\/p>\n<p><em style=\"font-size: 18px;\">*Cette approche ne remplace pas un avis ou un traitement m\u00e9dical.<\/em><\/p>\n<p>&nbsp;<\/p>\n<p>&nbsp;<\/p>\n<p><strong><\/strong><\/p>\n<p><strong><\/strong><\/p>\n<p>[\/et_pb_team_member][et_pb_button _builder_version=\u00a0\u00bb4.27.6&Prime; _module_preset=\u00a0\u00bbdefault\u00a0\u00bb button_text=\u00a0\u00bbPrendre rendez-vous\u00a0\u00bb button_url=\u00a0\u00bbhttps:\/\/marievelemay.thrivecart.com\/seance-60\/\u00a0\u00bb hover_enabled=\u00a0\u00bb0&Prime; sticky_enabled=\u00a0\u00bb0&Prime; button_alignment=\u00a0\u00bbcenter\u00a0\u00bb global_colors_info=\u00a0\u00bb{%22gcid-primary-color%22:%91%22button_bg_color%22%93,%22gcid-c7d08acd-cef2-43a0-94c7-27f9c569e6ff%22:%91%22button_bg_color%22%93}\u00a0\u00bb button_text_color=\u00a0\u00bb#F9F6F0&Prime; button_bg_color=\u00a0\u00bbgcid-c7d08acd-cef2-43a0-94c7-27f9c569e6ff\u00a0\u00bb][\/et_pb_button][et_pb_text _builder_version=\u00a0\u00bb4.26.0&Prime; _dynamic_attributes=\u00a0\u00bblink_option_url\u00a0\u00bb _module_preset=\u00a0\u00bb_initial\u00a0\u00bb text_font_size=\u00a0\u00bb24px\u00a0\u00bb link_option_url=\u00a0\u00bb@ET-DC@eyJkeW5hbWljIjp0cnVlLCJjb250ZW50IjoicG9zdF9saW5rX3VybF9wYWdlIiwic2V0dGluZ3MiOnsicG9zdF9pZCI6IjE4NDAifX0=@\u00a0\u00bb global_colors_info=\u00a0\u00bb{}\u00a0\u00bb]<\/p>\n<p>Revenir \u00e0 la page des th\u00e9rapeutes &gt;<\/p>\n<p>[\/et_pb_text][\/et_pb_column][\/et_pb_row][\/et_pb_section]<\/p>\n","protected":false},"excerpt":{"rendered":"<p>Revenir \u00e0 la page des th\u00e9rapeutes &gt;Gr\u00e2ce \u00e0 mes dons, voici ce que tu peux exp\u00e9rimenter*: Att\u00e9nuer tes douleurs chroniques Lib\u00e9rer les inconforts accumul\u00e9s dans ton corps Retrouver une pleine pr\u00e9sence dans ton corps Augmenter ton niveau d&rsquo;\u00e9nergie Reprendre une vie normale qui ne tourne plus autour de tes restrictions physiques Pour les enfants de [&hellip;]<\/p>\n","protected":false},"author":1,"featured_media":0,"parent":0,"menu_order":0,"comment_status":"closed","ping_status":"closed","template":"","meta":{"_et_pb_use_builder":"on","_et_pb_old_content":"","_et_gb_content_width":"","footnotes":""},"class_list":["post-137","page","type-page","status-publish","hentry"],"_links":{"self":[{"href":"https:\/\/institutdakini.com\/en\/wp-json\/wp\/v2\/pages\/137","targetHints":{"allow":["GET"]}}],"collection":[{"href":"https:\/\/institutdakini.com\/en\/wp-json\/wp\/v2\/pages"}],"about":[{"href":"https:\/\/institutdakini.com\/en\/wp-json\/wp\/v2\/types\/page"}],"author":[{"embeddable":true,"href":"https:\/\/institutdakini.com\/en\/wp-json\/wp\/v2\/users\/1"}],"replies":[{"embeddable":true,"href":"https:\/\/institutdakini.com\/en\/wp-json\/wp\/v2\/comments?post=137"}],"version-history":[{"count":4,"href":"https:\/\/institutdakini.com\/en\/wp-json\/wp\/v2\/pages\/137\/revisions"}],"predecessor-version":[{"id":1861,"href":"https:\/\/institutdakini.com\/en\/wp-json\/wp\/v2\/pages\/137\/revisions\/1861"}],"wp:attachment":[{"href":"https:\/\/institutdakini.com\/en\/wp-json\/wp\/v2\/media?parent=137"}],"curies":[{"name":"wp","href":"https:\/\/api.w.org\/{rel}","templated":true}]}}