{"id":145,"date":"2025-08-20T11:24:28","date_gmt":"2025-08-20T11:24:28","guid":{"rendered":"https:\/\/institutdakini.com\/?page_id=145"},"modified":"2026-03-10T19:08:15","modified_gmt":"2026-03-10T19:08:15","slug":"page-therapeute-tatiana","status":"publish","type":"page","link":"https:\/\/institutdakini.com\/en\/page-therapeute-tatiana\/","title":{"rendered":"Page th\u00e9rapeute &#8211; Tatiana"},"content":{"rendered":"<p>[et_pb_section fb_built=\u00a0\u00bb1&Prime; _builder_version=\u00a0\u00bb4.27.6&Prime; _module_preset=\u00a0\u00bbdefault\u00a0\u00bb hover_enabled=\u00a0\u00bb0&Prime; da_disable_devices=\u00a0\u00bboff|off|off\u00a0\u00bb global_colors_info=\u00a0\u00bb{%22gcid-e1aca236-4c73-4d38-867a-b68911d708e4%22:%91%22background_color%22%93}\u00a0\u00bb background_color=\u00a0\u00bbgcid-e1aca236-4c73-4d38-867a-b68911d708e4&Prime; sticky_enabled=\u00a0\u00bb0&Prime; da_is_popup=\u00a0\u00bboff\u00a0\u00bb da_exit_intent=\u00a0\u00bboff\u00a0\u00bb da_has_close=\u00a0\u00bbon\u00a0\u00bb da_alt_close=\u00a0\u00bboff\u00a0\u00bb da_dark_close=\u00a0\u00bboff\u00a0\u00bb da_not_modal=\u00a0\u00bbon\u00a0\u00bb da_is_singular=\u00a0\u00bboff\u00a0\u00bb da_with_loader=\u00a0\u00bboff\u00a0\u00bb da_has_shadow=\u00a0\u00bbon\u00a0\u00bb][et_pb_row _builder_version=\u00a0\u00bb4.25.0&Prime; _module_preset=\u00a0\u00bbdefault\u00a0\u00bb global_colors_info=\u00a0\u00bb{}\u00a0\u00bb][et_pb_column type=\u00a0\u00bb4_4&Prime; _builder_version=\u00a0\u00bb4.25.0&Prime; _module_preset=\u00a0\u00bbdefault\u00a0\u00bb global_colors_info=\u00a0\u00bb{}\u00a0\u00bb][et_pb_text _builder_version=\u00a0\u00bb4.25.0&Prime; _dynamic_attributes=\u00a0\u00bblink_option_url\u00a0\u00bb _module_preset=\u00a0\u00bb_initial\u00a0\u00bb text_font_size=\u00a0\u00bb15px\u00a0\u00bb link_option_url=\u00a0\u00bb@ET-DC@eyJkeW5hbWljIjp0cnVlLCJjb250ZW50IjoicG9zdF9saW5rX3VybF9wYWdlIiwic2V0dGluZ3MiOnsicG9zdF9pZCI6IjE4NDAifX0=@\u00a0\u00bb global_colors_info=\u00a0\u00bb{}\u00a0\u00bb]<\/p>\n<p>Revenir \u00e0 la page des th\u00e9rapeutes &gt;<\/p>\n<p>[\/et_pb_text][et_pb_team_member name=\u00a0\u00bbTatiana |  S\u00e9ance de 60 minute\u00a0\u00bb position=\u00a0\u00bbCong\u00e9 de naissance\u00a0\u00bb image_url=\u00a0\u00bbhttps:\/\/institutdakini.com\/wp-content\/uploads\/2025\/08\/Carousel-La-rentree-des-classes-9.jpg\u00a0\u00bb _builder_version=\u00a0\u00bb4.27.6&Prime; _module_preset=\u00a0\u00bbdefault\u00a0\u00bb custom_margin=\u00a0\u00bb||43px|||\u00a0\u00bb custom_padding=\u00a0\u00bb||0px|||\u00a0\u00bb hover_enabled=\u00a0\u00bb0&Prime; border_width_all_image=\u00a0\u00bb1px\u00a0\u00bb border_color_all_image=\u00a0\u00bb#FFFFFF\u00a0\u00bb box_shadow_style_image=\u00a0\u00bbpreset1&Prime; box_shadow_spread_image=\u00a0\u00bb8px\u00a0\u00bb box_shadow_color_image=\u00a0\u00bb#E1B777&Prime; global_colors_info=\u00a0\u00bb{%22gcid-primary-color%22:%91%22body_quote_text_color%22%93,%22gcid-ff853f9b-d860-4bed-83b3-a9a3aa05c5b6%22:%91%22position_text_color%22%93}\u00a0\u00bb position_text_color=\u00a0\u00bbgcid-ff853f9b-d860-4bed-83b3-a9a3aa05c5b6&Prime; sticky_enabled=\u00a0\u00bb0&Prime;]<\/p>\n<p><b>Claireaudience \u2013 Monde int\u00e9rieur \u2013 Wildness<\/b><\/p>\n<div dir=\"auto\"><\/div>\n<div dir=\"auto\">Bonjour je m&rsquo;appelle Tatiana, magicienne de l&rsquo;\u00e2me. Ma magie me permet de t\u2019accompagner dans l&rsquo;exploration de ton monde int\u00e9rieur en douceur, en t\u2019aidant \u00e0 clarifier tes intentions et \u00e0 renforcer ton \u00e9nergie pour aligner tes actions avec ta v\u00e9rit\u00e9.<\/div>\n<div dir=\"auto\"><\/div>\n<div dir=\"auto\">Gr\u00e2ce \u00e0 ma claireaudience et mes capacit\u00e9s intuitives, je te guide \u00e0 retrouver ton \u00ab\u00a0wildness\u00a0\u00bb, ton purpose, ta joie, ton \u00e9tat sauvage et une nouvelle mani\u00e8re d&rsquo;\u0153uvrer dans une \u00e9nergie balanc\u00e9e et align\u00e9e \u00e0 ta v\u00e9rit\u00e9.<\/div>\n<div dir=\"auto\"><\/div>\n<div dir=\"auto\">Avec ma clairaudience et clair connaissance, je te guiderai vers des actions align\u00e9es qui lib\u00e9reront le chemins des possibles.<\/div>\n<p>[\/et_pb_team_member][et_pb_button button_url=\u00a0\u00bbhttps:\/\/cal.com\/tatiana.energie\u00a0\u00bb url_new_window=\u00a0\u00bbon\u00a0\u00bb button_text=\u00a0\u00bbPrendre RDV avec Tatiana\u00a0\u00bb button_alignment=\u00a0\u00bbcenter\u00a0\u00bb _builder_version=\u00a0\u00bb4.27.4&Prime; _module_preset=\u00a0\u00bbdefault\u00a0\u00bb button_text_size=\u00a0\u00bb18px\u00a0\u00bb button_text_color=\u00a0\u00bb#FFFFFF\u00a0\u00bb button_bg_color=\u00a0\u00bb#E1B777&Prime; button_border_color=\u00a0\u00bb#FFFFFF\u00a0\u00bb background_layout=\u00a0\u00bbdark\u00a0\u00bb custom_margin=\u00a0\u00bb||53px|||\u00a0\u00bb box_shadow_style=\u00a0\u00bbpreset1&Prime; box_shadow_spread=\u00a0\u00bb10px\u00a0\u00bb box_shadow_color=\u00a0\u00bb#E1B777&Prime; global_colors_info=\u00a0\u00bb{}\u00a0\u00bb][\/et_pb_button][et_pb_text _builder_version=\u00a0\u00bb4.26.0&Prime; _dynamic_attributes=\u00a0\u00bblink_option_url\u00a0\u00bb _module_preset=\u00a0\u00bb_initial\u00a0\u00bb text_font_size=\u00a0\u00bb24px\u00a0\u00bb link_option_url=\u00a0\u00bb@ET-DC@eyJkeW5hbWljIjp0cnVlLCJjb250ZW50IjoicG9zdF9saW5rX3VybF9wYWdlIiwic2V0dGluZ3MiOnsicG9zdF9pZCI6IjE4NDAifX0=@\u00a0\u00bb global_colors_info=\u00a0\u00bb{}\u00a0\u00bb]<\/p>\n<p>Revenir \u00e0 la page des th\u00e9rapeutes &gt;<\/p>\n<p>[\/et_pb_text][\/et_pb_column][\/et_pb_row][\/et_pb_section]<\/p>\n","protected":false},"excerpt":{"rendered":"<p>Revenir \u00e0 la page des th\u00e9rapeutes &gt;Claireaudience \u2013 Monde int\u00e9rieur \u2013 Wildness Bonjour je m&rsquo;appelle Tatiana, magicienne de l&rsquo;\u00e2me. Ma magie me permet de t\u2019accompagner dans l&rsquo;exploration de ton monde int\u00e9rieur en douceur, en t\u2019aidant \u00e0 clarifier tes intentions et \u00e0 renforcer ton \u00e9nergie pour aligner tes actions avec ta v\u00e9rit\u00e9. Gr\u00e2ce \u00e0 ma claireaudience [&hellip;]<\/p>\n","protected":false},"author":1,"featured_media":0,"parent":0,"menu_order":0,"comment_status":"closed","ping_status":"closed","template":"","meta":{"_et_pb_use_builder":"on","_et_pb_old_content":"","_et_gb_content_width":"","footnotes":""},"class_list":["post-145","page","type-page","status-publish","hentry"],"_links":{"self":[{"href":"https:\/\/institutdakini.com\/en\/wp-json\/wp\/v2\/pages\/145","targetHints":{"allow":["GET"]}}],"collection":[{"href":"https:\/\/institutdakini.com\/en\/wp-json\/wp\/v2\/pages"}],"about":[{"href":"https:\/\/institutdakini.com\/en\/wp-json\/wp\/v2\/types\/page"}],"author":[{"embeddable":true,"href":"https:\/\/institutdakini.com\/en\/wp-json\/wp\/v2\/users\/1"}],"replies":[{"embeddable":true,"href":"https:\/\/institutdakini.com\/en\/wp-json\/wp\/v2\/comments?post=145"}],"version-history":[{"count":4,"href":"https:\/\/institutdakini.com\/en\/wp-json\/wp\/v2\/pages\/145\/revisions"}],"predecessor-version":[{"id":1748,"href":"https:\/\/institutdakini.com\/en\/wp-json\/wp\/v2\/pages\/145\/revisions\/1748"}],"wp:attachment":[{"href":"https:\/\/institutdakini.com\/en\/wp-json\/wp\/v2\/media?parent=145"}],"curies":[{"name":"wp","href":"https:\/\/api.w.org\/{rel}","templated":true}]}}