{"id":920,"date":"2025-09-19T13:03:04","date_gmt":"2025-09-19T13:03:04","guid":{"rendered":"https:\/\/institutdakini.com\/?page_id=920"},"modified":"2025-10-27T12:47:49","modified_gmt":"2025-10-27T12:47:49","slug":"soin-dakini-de-groupe-en-ligne","status":"publish","type":"page","link":"https:\/\/institutdakini.com\/en\/soin-dakini-de-groupe-en-ligne\/","title":{"rendered":"Soin Dakini de Groupe \u2013 en ligne"},"content":{"rendered":"<p>[et_pb_section fb_built=\u00a0\u00bb1&Prime; admin_label=\u00a0\u00bbHeader\u00a0\u00bb _builder_version=\u00a0\u00bb4.27.4&Prime; _module_preset=\u00a0\u00bbdefault\u00a0\u00bb use_background_color_gradient=\u00a0\u00bbon\u00a0\u00bb background_color_gradient_stops=\u00a0\u00bbrgba(0,0,0,0.5) 0%|rgba(0,0,0,0.5) 100%\u00a0\u00bb background_color_gradient_overlays_image=\u00a0\u00bbon\u00a0\u00bb background_image=\u00a0\u00bbhttps:\/\/institutdakini.com\/wp-content\/uploads\/2025\/09\/Soin-de-groupe-32-scaled.jpg\u00a0\u00bb custom_padding=\u00a0\u00bb24vw||24vw||true|false\u00a0\u00bb da_disable_devices=\u00a0\u00bboff|off|off\u00a0\u00bb collapsed=\u00a0\u00bbon\u00a0\u00bb global_colors_info=\u00a0\u00bb{}\u00a0\u00bb da_is_popup=\u00a0\u00bboff\u00a0\u00bb da_exit_intent=\u00a0\u00bboff\u00a0\u00bb da_has_close=\u00a0\u00bbon\u00a0\u00bb da_alt_close=\u00a0\u00bboff\u00a0\u00bb da_dark_close=\u00a0\u00bboff\u00a0\u00bb da_not_modal=\u00a0\u00bbon\u00a0\u00bb da_is_singular=\u00a0\u00bboff\u00a0\u00bb da_with_loader=\u00a0\u00bboff\u00a0\u00bb da_has_shadow=\u00a0\u00bbon\u00a0\u00bb][et_pb_row _builder_version=\u00a0\u00bb4.20.0&Prime; _module_preset=\u00a0\u00bbdefault\u00a0\u00bb global_colors_info=\u00a0\u00bb{}\u00a0\u00bb][et_pb_column type=\u00a0\u00bb4_4&Prime; _builder_version=\u00a0\u00bb4.20.0&Prime; _module_preset=\u00a0\u00bbdefault\u00a0\u00bb global_colors_info=\u00a0\u00bb{}\u00a0\u00bb][et_pb_text _builder_version=\u00a0\u00bb4.27.4&Prime; _module_preset=\u00a0\u00bb46c3f90e-2039-4627-9743-c64167c43e00&Prime; header_4_text_color=\u00a0\u00bb#FFFFFF\u00a0\u00bb text_orientation=\u00a0\u00bbcenter\u00a0\u00bb global_colors_info=\u00a0\u00bb{}\u00a0\u00bb]<\/p>\n<h4>Mercredi, 29 octobre<\/h4>\n<p>[\/et_pb_text][et_pb_text _builder_version=\u00a0\u00bb4.27.4&Prime; _module_preset=\u00a0\u00bb3a4934cc-4a1b-4d5d-ab3f-7188081ab2c7&Prime; header_text_color=\u00a0\u00bb#FFFFFF\u00a0\u00bb text_orientation=\u00a0\u00bbcenter\u00a0\u00bb global_colors_info=\u00a0\u00bb{}\u00a0\u00bb]<\/p>\n<h1>Soin dakini de groupe<\/h1>\n<p>[\/et_pb_text][et_pb_text _builder_version=\u00a0\u00bb4.27.4&Prime; _module_preset=\u00a0\u00bb46c3f90e-2039-4627-9743-c64167c43e00&Prime; header_4_text_color=\u00a0\u00bb#FFFFFF\u00a0\u00bb text_orientation=\u00a0\u00bbcenter\u00a0\u00bb global_colors_info=\u00a0\u00bb{}\u00a0\u00bb]<\/p>\n<h4>En ligne<\/h4>\n<p>[\/et_pb_text][\/et_pb_column][\/et_pb_row][\/et_pb_section][et_pb_section fb_built=\u00a0\u00bb1&Prime; admin_label=\u00a0\u00bbAbout\u00a0\u00bb _builder_version=\u00a0\u00bb4.27.4&Prime; _module_preset=\u00a0\u00bbdefault\u00a0\u00bb background_color=\u00a0\u00bbgcid-secondary-color\u00a0\u00bb custom_padding=\u00a0\u00bb||135px|||\u00a0\u00bb da_disable_devices=\u00a0\u00bboff|off|off\u00a0\u00bb collapsed=\u00a0\u00bbon\u00a0\u00bb global_colors_info=\u00a0\u00bb{%22gcid-secondary-color%22:%91%22background_color%22%93}\u00a0\u00bb da_is_popup=\u00a0\u00bboff\u00a0\u00bb da_exit_intent=\u00a0\u00bboff\u00a0\u00bb da_has_close=\u00a0\u00bbon\u00a0\u00bb da_alt_close=\u00a0\u00bboff\u00a0\u00bb da_dark_close=\u00a0\u00bboff\u00a0\u00bb da_not_modal=\u00a0\u00bbon\u00a0\u00bb da_is_singular=\u00a0\u00bboff\u00a0\u00bb da_with_loader=\u00a0\u00bboff\u00a0\u00bb da_has_shadow=\u00a0\u00bbon\u00a0\u00bb][et_pb_row column_structure=\u00a0\u00bb3_5,2_5&Prime; _builder_version=\u00a0\u00bb4.20.0&Prime; _module_preset=\u00a0\u00bbdefault\u00a0\u00bb custom_padding=\u00a0\u00bb66px||0px||false|false\u00a0\u00bb global_colors_info=\u00a0\u00bb{}\u00a0\u00bb][et_pb_column type=\u00a0\u00bb3_5&Prime; _builder_version=\u00a0\u00bb4.20.0&Prime; _module_preset=\u00a0\u00bbdefault\u00a0\u00bb global_colors_info=\u00a0\u00bb{}\u00a0\u00bb][et_pb_text _builder_version=\u00a0\u00bb4.27.4&Prime; _module_preset=\u00a0\u00bbdefault\u00a0\u00bb text_text_color=\u00a0\u00bb#FFFFFF\u00a0\u00bb text_line_height=\u00a0\u00bb2em\u00a0\u00bb header_text_color=\u00a0\u00bb#FFFFFF\u00a0\u00bb header_font_size=\u00a0\u00bb44px\u00a0\u00bb custom_padding=\u00a0\u00bb||0px||false|false\u00a0\u00bb global_colors_info=\u00a0\u00bb{}\u00a0\u00bb]<\/p>\n<p><span style=\"font-weight: 400;\">A<\/span><b>ll\u00e8ge ton corps physique, \u00e9motionnel et \u00e9nerg\u00e9tique<\/b><span style=\"font-weight: 400;\">.<\/span><span style=\"font-weight: 400;\"><br \/><\/span><span style=\"font-weight: 400;\">Un moment pour d\u00e9poser tout ce qui t\u2019emp\u00eache de retrouver la sant\u00e9 parfaite \u2014 \u00e9quilibre, l\u00e9g\u00e8ret\u00e9, paix int\u00e9rieure.<\/span><\/p>\n<p><span style=\"font-weight: 400;\">Pendant 1 heure, je canalise sp\u00e9cifiquement les \u00e9nergies dont ton corps et ton \u00e2me ont besoin. J\u2019utilise aussi les fr\u00e9quences des <\/span><b>bols de cristal, du tambour et de ma voix<\/b><span style=\"font-weight: 400;\"> pour transmettre des vibrations uniques qui lib\u00e8rent les blocages en profondeur.<\/span><\/p>\n<p><b>Ce soin est pour toi si\u2026<\/b><\/p>\n<ul>\n<li style=\"font-weight: 400;\" aria-level=\"1\"><span style=\"font-weight: 400;\">Tu vis avec des douleurs physiques ou une lourdeur depuis trop longtemps.<\/span><\/li>\n<li style=\"font-weight: 400;\" aria-level=\"1\"><span style=\"font-weight: 400;\">Ton syst\u00e8me nerveux est \u00e9puis\u00e9 et tu as besoin de le reprogrammer.<\/span><\/li>\n<li style=\"font-weight: 400;\" aria-level=\"1\"><span style=\"font-weight: 400;\">Tu veux retrouver la s\u00e9curit\u00e9 int\u00e9rieure, la clart\u00e9 et la paix.<\/span><\/li>\n<\/ul>\n<p><span style=\"font-weight: 400;\">Contrairement \u00e0 mes formations Dakini (qui sont des espaces d\u2019enseignement et de pratique), ce soin est un <\/span><b>moment de r\u00e9ception pure<\/b><span style=\"font-weight: 400;\">. Tu n\u2019as rien \u00e0 faire, simplement \u00e0 t\u2019ouvrir et recevoir.<\/span><\/p>\n<p><strong>Pourquoi c\u2019est unique ?<\/strong><span style=\"font-weight: 400;\"><br \/><\/span><span style=\"font-weight: 400;\">Parce que c\u2019est <\/span><b>moi<\/b><span style=\"font-weight: 400;\"> qui tiens l\u2019espace. J\u2019ai accompagn\u00e9 des centaines de femmes dans des transformations incroyables, et les r\u00e9sultats de mes soins \u00e9nerg\u00e9tiques sont souvent d\u00e9crits comme <\/span><i><span style=\"font-weight: 400;\">\u00e9patants, du jamais vu, des miracles<\/span><\/i><span style=\"font-weight: 400;\">.<\/span><span style=\"font-weight: 400;\"><br \/><\/span><span style=\"font-weight: 400;\">C\u2019est une exp\u00e9rience qui a chang\u00e9 ma propre vie, et aujourd\u2019hui je t\u2019y donne acc\u00e8s.<\/span><\/p>\n<p>&nbsp;<\/p>\n<p><span style=\"font-weight: 400;\">Note importante : mes s\u00e9ances individuelles \u00e9tant compl\u00e8tes (je ne prends plus de nouvelles clientes en 1:1), c\u2019est <\/span><b>ta seule chance de travailler directement avec moi<\/b><span style=\"font-weight: 400;\"> en \u00e9nerg\u00e9tique.<\/span><\/p>\n<p>[\/et_pb_text][\/et_pb_column][et_pb_column type=\u00a0\u00bb2_5&Prime; _builder_version=\u00a0\u00bb4.20.0&Prime; _module_preset=\u00a0\u00bbdefault\u00a0\u00bb global_colors_info=\u00a0\u00bb{}\u00a0\u00bb][et_pb_text _builder_version=\u00a0\u00bb4.27.4&Prime; _module_preset=\u00a0\u00bb200df0c5-b010-42cf-9d23-29ac418b3d5c\u00a0\u00bb text_text_color=\u00a0\u00bb#FFFFFF\u00a0\u00bb text_line_height=\u00a0\u00bb2.5em\u00a0\u00bb background_color=\u00a0\u00bbgcid-36451573-9eeb-4497-a7b8-b0cbd33d77a2&Prime; custom_margin=\u00a0\u00bb60px|||0px|false|false\u00a0\u00bb custom_padding=\u00a0\u00bb41px||191px|25px|false|false\u00a0\u00bb border_width_all=\u00a0\u00bb1px\u00a0\u00bb border_color_all=\u00a0\u00bbgcid-body-color\u00a0\u00bb box_shadow_style=\u00a0\u00bbpreset1&Prime; box_shadow_blur=\u00a0\u00bb21px\u00a0\u00bb box_shadow_spread=\u00a0\u00bb8px\u00a0\u00bb box_shadow_color=\u00a0\u00bb#E1B777&Prime; global_colors_info=\u00a0\u00bb{%22gcid-36451573-9eeb-4497-a7b8-b0cbd33d77a2%22:%91%22background_color%22%93,%22gcid-body-color%22:%91%22border_color_all%22%93}\u00a0\u00bb]<\/p>\n<div><strong>\u00a0DATE :<\/strong> Mercredi, 29 octobre<\/div>\n<div><strong>HEURE :<\/strong>\u00a0 20h \u00e0 21h<\/div>\n<div><strong>LIEU : <\/strong>En ligne (YouTube @marievelemay)<br \/><strong>PRIX :<\/strong> Contribution volontaire\u00a0<\/div>\n<div><\/div>\n<div>\n<p><span>Pour toutes et tous, peu importe ton niveau<\/span><\/p>\n<p><strong><img loading=\"lazy\" decoding=\"async\" src=\"https:\/\/institutdakini.com\/wp-content\/uploads\/2025\/08\/Classement-700-x-300-px-6-300x129.png\" width=\"179\" height=\"77\" alt=\"\" class=\"wp-image-631 alignnone size-medium\" style=\"float: left;\" \/><\/strong><span><\/span><\/p>\n<\/div>\n<div><\/div>\n<div><\/div>\n<div><\/div>\n<div><\/div>\n<p>[\/et_pb_text][et_pb_button button_url=\u00a0\u00bbhttps:\/\/mailchi.mp\/16f12c920d65\/soindakini\u00a0\u00bb button_text=\u00a0\u00bbJe m&rsquo;inscris\u00a0\u00bb button_alignment=\u00a0\u00bbcenter\u00a0\u00bb _builder_version=\u00a0\u00bb4.27.4&Prime; _module_preset=\u00a0\u00bb4a700782-7208-4184-a340-7b58c30f1c45&Prime; button_text_size=\u00a0\u00bb20px\u00a0\u00bb button_text_color=\u00a0\u00bb#F9F6F0&Prime; button_bg_color=\u00a0\u00bbgcid-body-color\u00a0\u00bb button_border_width=\u00a0\u00bb2px\u00a0\u00bb button_border_color=\u00a0\u00bb#FFFFFF\u00a0\u00bb custom_margin=\u00a0\u00bb-119px|||-108px|false|false\u00a0\u00bb hover_enabled=\u00a0\u00bb0&Prime; box_shadow_style=\u00a0\u00bbpreset1&Prime; box_shadow_spread=\u00a0\u00bb13px\u00a0\u00bb box_shadow_color=\u00a0\u00bb#E1B777&Prime; global_colors_info=\u00a0\u00bb{%22gcid-body-color%22:%91%22button_bg_color%22%93}\u00a0\u00bb sticky_enabled=\u00a0\u00bb0&Prime;][\/et_pb_button][\/et_pb_column][\/et_pb_row][\/et_pb_section][et_pb_section fb_built=\u00a0\u00bb1&Prime; admin_label=\u00a0\u00bbCall to Action\u00a0\u00bb _builder_version=\u00a0\u00bb4.27.4&Prime; _module_preset=\u00a0\u00bbdefault\u00a0\u00bb background_color=\u00a0\u00bbgcid-36451573-9eeb-4497-a7b8-b0cbd33d77a2&Prime; background_enable_image=\u00a0\u00bboff\u00a0\u00bb custom_padding=\u00a0\u00bb0vw||0vw||true|false\u00a0\u00bb background_last_edited=\u00a0\u00bboff|desktop\u00a0\u00bb background_position_tablet=\u00a0\u00bbcenter\u00a0\u00bb background_position_phone=\u00a0\u00bbcenter\u00a0\u00bb da_disable_devices=\u00a0\u00bboff|off|off\u00a0\u00bb collapsed=\u00a0\u00bbon\u00a0\u00bb global_colors_info=\u00a0\u00bb{%22gcid-36451573-9eeb-4497-a7b8-b0cbd33d77a2%22:%91%22background_color%22%93}\u00a0\u00bb da_is_popup=\u00a0\u00bboff\u00a0\u00bb da_exit_intent=\u00a0\u00bboff\u00a0\u00bb da_has_close=\u00a0\u00bbon\u00a0\u00bb da_alt_close=\u00a0\u00bboff\u00a0\u00bb da_dark_close=\u00a0\u00bboff\u00a0\u00bb da_not_modal=\u00a0\u00bbon\u00a0\u00bb da_is_singular=\u00a0\u00bboff\u00a0\u00bb da_with_loader=\u00a0\u00bboff\u00a0\u00bb da_has_shadow=\u00a0\u00bbon\u00a0\u00bb][et_pb_row custom_padding_last_edited=\u00a0\u00bbon|tablet\u00a0\u00bb _builder_version=\u00a0\u00bb4.27.4&Prime; _module_preset=\u00a0\u00bbdefault\u00a0\u00bb custom_margin=\u00a0\u00bb-35px|auto||auto||\u00a0\u00bb custom_padding=\u00a0\u00bb|120px||120px|false|true\u00a0\u00bb custom_padding_tablet=\u00a0\u00bb|8%||8%|false|true\u00a0\u00bb custom_padding_phone=\u00a0\u00bb||||false|false\u00a0\u00bb global_colors_info=\u00a0\u00bb{}\u00a0\u00bb][et_pb_column type=\u00a0\u00bb4_4&Prime; _builder_version=\u00a0\u00bb4.20.0&Prime; _module_preset=\u00a0\u00bbdefault\u00a0\u00bb global_colors_info=\u00a0\u00bb{}\u00a0\u00bb][et_pb_text _builder_version=\u00a0\u00bb4.27.4&Prime; _module_preset=\u00a0\u00bbdefault\u00a0\u00bb text_font=\u00a0\u00bbAlegreya SC||||||||\u00a0\u00bb text_text_color=\u00a0\u00bb#FFFFFF\u00a0\u00bb text_font_size=\u00a0\u00bb30px\u00a0\u00bb text_letter_spacing=\u00a0\u00bb2px\u00a0\u00bb text_orientation=\u00a0\u00bbcenter\u00a0\u00bb custom_margin=\u00a0\u00bb43px||48px|||\u00a0\u00bb global_colors_info=\u00a0\u00bb{}\u00a0\u00bb]<\/p>\n<p>Mari\u00e8ve Lemay<\/p>\n<p>[\/et_pb_text][et_pb_text _builder_version=\u00a0\u00bb4.27.4&Prime; _module_preset=\u00a0\u00bbdefault\u00a0\u00bb text_text_color=\u00a0\u00bb#FFFFFF\u00a0\u00bb text_font_size=\u00a0\u00bb16px\u00a0\u00bb header_text_color=\u00a0\u00bb#FFFFFF\u00a0\u00bb text_orientation=\u00a0\u00bbcenter\u00a0\u00bb custom_margin=\u00a0\u00bb||33px|||\u00a0\u00bb global_colors_info=\u00a0\u00bb{}\u00a0\u00bb]<\/p>\n<p><strong>FONDATRICE DE L&rsquo;INSTITUT DAKINI, COACH CERTIFI\u00c9E, AUTEURE ET CONF\u00c9RENCI\u00c8RE INTERNATIONALE<\/strong><\/p>\n<p>[\/et_pb_text][et_pb_image src=\u00a0\u00bbhttps:\/\/institutdakini.com\/wp-content\/uploads\/2025\/08\/Classement-6.png\u00a0\u00bb title_text=\u00a0\u00bbClassement (6)\u00a0\u00bb align=\u00a0\u00bbcenter\u00a0\u00bb _builder_version=\u00a0\u00bb4.27.4&Prime; _module_preset=\u00a0\u00bbdefault\u00a0\u00bb custom_margin=\u00a0\u00bb42px|||||\u00a0\u00bb global_colors_info=\u00a0\u00bb{}\u00a0\u00bb][\/et_pb_image][et_pb_text _builder_version=\u00a0\u00bb4.27.4&Prime; _module_preset=\u00a0\u00bbe1dd755d-1b97-437e-8348-c8f981b50f51&Prime; text_text_color=\u00a0\u00bbgcid-body-color\u00a0\u00bb background_color=\u00a0\u00bb#FFFFFF\u00a0\u00bb text_orientation=\u00a0\u00bbcenter\u00a0\u00bb custom_margin_tablet=\u00a0\u00bb\u00a0\u00bb custom_margin_phone=\u00a0\u00bb||38px||false|false\u00a0\u00bb custom_margin_last_edited=\u00a0\u00bbon|phone\u00a0\u00bb custom_padding=\u00a0\u00bb25px|25px|25px|25px|true|true\u00a0\u00bb box_shadow_style=\u00a0\u00bbpreset1&Prime; box_shadow_color=\u00a0\u00bb#FFFFFF\u00a0\u00bb global_colors_info=\u00a0\u00bb{%22gcid-body-color%22:%91%22text_text_color%22%93}\u00a0\u00bb]<\/p>\n<p><strong data-start=\"139\" data-end=\"156\">Mari\u00e8ve Lemay<\/strong><span> guide les \u00e2mes \u00e0 lib\u00e9rer leurs blocages, r\u00e9veiller leurs dons et incarner leur puissance authentique, avec douceur, clart\u00e9 et magie.\u00a0<\/span><\/p>\n<p><span><br data-start=\"290\" data-end=\"293\" \/>\u00c0 travers ses retraites, formations et soins individuels, elle cr\u00e9e des espaces de transformation profonds o\u00f9 chacun peut d\u00e9poser ses masques et renouer avec sa v\u00e9rit\u00e9.<\/span><span><\/span><\/p>\n<p><span><br data-start=\"658\" data-end=\"661\" \/>Aujourd\u2019hui, elle guide celles et ceux qui aspirent \u00e0 vivre libres, align\u00e9s et pleinement incarn\u00e9s. <\/span><span>Chaque rencontre avec elle devient une invitation \u00e0 s\u2019ancrer, \u00e0 s\u2019\u00e9lever et \u00e0 incarner sa magie.<\/span><\/p>\n<p>[\/et_pb_text][\/et_pb_column][\/et_pb_row][\/et_pb_section][et_pb_section fb_built=\u00a0\u00bb1&Prime; _builder_version=\u00a0\u00bb4.27.4&Prime; _module_preset=\u00a0\u00bbdefault\u00a0\u00bb background_color=\u00a0\u00bbgcid-body-color\u00a0\u00bb da_disable_devices=\u00a0\u00bboff|off|off\u00a0\u00bb global_colors_info=\u00a0\u00bb{%22gcid-body-color%22:%91%22background_color%22%93}\u00a0\u00bb da_is_popup=\u00a0\u00bboff\u00a0\u00bb da_exit_intent=\u00a0\u00bboff\u00a0\u00bb da_has_close=\u00a0\u00bbon\u00a0\u00bb da_alt_close=\u00a0\u00bboff\u00a0\u00bb da_dark_close=\u00a0\u00bboff\u00a0\u00bb da_not_modal=\u00a0\u00bbon\u00a0\u00bb da_is_singular=\u00a0\u00bboff\u00a0\u00bb da_with_loader=\u00a0\u00bboff\u00a0\u00bb da_has_shadow=\u00a0\u00bbon\u00a0\u00bb][et_pb_row _builder_version=\u00a0\u00bb4.27.4&Prime; _module_preset=\u00a0\u00bbdefault\u00a0\u00bb custom_padding=\u00a0\u00bb64px||0px|||\u00a0\u00bb global_colors_info=\u00a0\u00bb{}\u00a0\u00bb][et_pb_column type=\u00a0\u00bb4_4&Prime; _builder_version=\u00a0\u00bb4.27.4&Prime; _module_preset=\u00a0\u00bbdefault\u00a0\u00bb global_colors_info=\u00a0\u00bb{}\u00a0\u00bb][et_pb_text _builder_version=\u00a0\u00bb4.27.4&Prime; _module_preset=\u00a0\u00bbdefault\u00a0\u00bb header_text_color=\u00a0\u00bb#FFFFFF\u00a0\u00bb header_4_text_color=\u00a0\u00bb#FFFFFF\u00a0\u00bb header_4_font_size_phone=\u00a0\u00bb23px\u00a0\u00bb header_4_text_shadow_style=\u00a0\u00bbpreset3&Prime; header_4_text_shadow_horizontal_length=\u00a0\u00bb0.15em\u00a0\u00bb header_4_text_shadow_vertical_length=\u00a0\u00bb0.23em\u00a0\u00bb header_4_text_shadow_blur_strength=\u00a0\u00bb0.51em\u00a0\u00bb header_4_text_shadow_color=\u00a0\u00bb#FFFFFF\u00a0\u00bb global_colors_info=\u00a0\u00bb{%22gcid-primary-color%22:%91%22quote_text_color%22,%22quote_text_color%22,%22quote_text_color%22%93}\u00a0\u00bb]<\/p>\n<h4 style=\"text-align: center;\">T\u00e9moignages<\/h4>\n<p>[\/et_pb_text][\/et_pb_column][\/et_pb_row][\/et_pb_section][et_pb_section fb_built=\u00a0\u00bb1&Prime; _builder_version=\u00a0\u00bb4.27.4&Prime; _module_preset=\u00a0\u00bbdefault\u00a0\u00bb background_color=\u00a0\u00bbgcid-body-color\u00a0\u00bb custom_padding=\u00a0\u00bb||32px|||\u00a0\u00bb da_disable_devices=\u00a0\u00bboff|off|off\u00a0\u00bb global_colors_info=\u00a0\u00bb{%22gcid-body-color%22:%91%22background_color%22%93}\u00a0\u00bb da_is_popup=\u00a0\u00bboff\u00a0\u00bb da_exit_intent=\u00a0\u00bboff\u00a0\u00bb da_has_close=\u00a0\u00bbon\u00a0\u00bb da_alt_close=\u00a0\u00bboff\u00a0\u00bb da_dark_close=\u00a0\u00bboff\u00a0\u00bb da_not_modal=\u00a0\u00bbon\u00a0\u00bb da_is_singular=\u00a0\u00bboff\u00a0\u00bb da_with_loader=\u00a0\u00bboff\u00a0\u00bb da_has_shadow=\u00a0\u00bbon\u00a0\u00bb][et_pb_row column_structure=\u00a0\u00bb1_3,1_3,1_3&Prime; _builder_version=\u00a0\u00bb4.27.4&Prime; _module_preset=\u00a0\u00bbdefault\u00a0\u00bb custom_padding=\u00a0\u00bb3px|||||\u00a0\u00bb global_colors_info=\u00a0\u00bb{}\u00a0\u00bb][et_pb_column type=\u00a0\u00bb1_3&Prime; _builder_version=\u00a0\u00bb4.27.4&Prime; _module_preset=\u00a0\u00bbdefault\u00a0\u00bb global_colors_info=\u00a0\u00bb{}\u00a0\u00bb][et_pb_image src=\u00a0\u00bbhttps:\/\/institutdakini.com\/wp-content\/uploads\/2025\/09\/Temoignnges-8.png\u00a0\u00bb title_text=\u00a0\u00bbTemoignnges (8)\u00a0\u00bb _builder_version=\u00a0\u00bb4.27.4&Prime; _module_preset=\u00a0\u00bbdefault\u00a0\u00bb width=\u00a0\u00bb100%\u00a0\u00bb max_width=\u00a0\u00bb100%\u00a0\u00bb global_colors_info=\u00a0\u00bb{}\u00a0\u00bb][\/et_pb_image][\/et_pb_column][et_pb_column type=\u00a0\u00bb1_3&Prime; _builder_version=\u00a0\u00bb4.27.4&Prime; _module_preset=\u00a0\u00bbdefault\u00a0\u00bb global_colors_info=\u00a0\u00bb{}\u00a0\u00bb][et_pb_image src=\u00a0\u00bbhttps:\/\/institutdakini.com\/wp-content\/uploads\/2025\/09\/Temoignnges-11.png\u00a0\u00bb title_text=\u00a0\u00bbTemoignnges (11)\u00a0\u00bb _builder_version=\u00a0\u00bb4.27.4&Prime; _module_preset=\u00a0\u00bbdefault\u00a0\u00bb custom_margin_tablet=\u00a0\u00bb\u00a0\u00bb custom_margin_phone=\u00a0\u00bb-82px||0px||false|false\u00a0\u00bb custom_margin_last_edited=\u00a0\u00bbon|phone\u00a0\u00bb custom_padding=\u00a0\u00bb0px||0px||false|false\u00a0\u00bb global_colors_info=\u00a0\u00bb{}\u00a0\u00bb][\/et_pb_image][\/et_pb_column][et_pb_column type=\u00a0\u00bb1_3&Prime; _builder_version=\u00a0\u00bb4.27.4&Prime; _module_preset=\u00a0\u00bbdefault\u00a0\u00bb global_colors_info=\u00a0\u00bb{}\u00a0\u00bb][et_pb_image src=\u00a0\u00bbhttps:\/\/institutdakini.com\/wp-content\/uploads\/2025\/09\/Temoignnges-12.png\u00a0\u00bb title_text=\u00a0\u00bbTemoignnges (12)\u00a0\u00bb _builder_version=\u00a0\u00bb4.27.4&Prime; _module_preset=\u00a0\u00bbdefault\u00a0\u00bb global_colors_info=\u00a0\u00bb{}\u00a0\u00bb][\/et_pb_image][\/et_pb_column][\/et_pb_row][\/et_pb_section]<\/p>\n","protected":false},"excerpt":{"rendered":"<p>Mercredi, 29 octobreSoin dakini de groupeEn ligneAll\u00e8ge ton corps physique, \u00e9motionnel et \u00e9nerg\u00e9tique.Un moment pour d\u00e9poser tout ce qui t\u2019emp\u00eache de retrouver la sant\u00e9 parfaite \u2014 \u00e9quilibre, l\u00e9g\u00e8ret\u00e9, paix int\u00e9rieure. Pendant 1 heure, je canalise sp\u00e9cifiquement les \u00e9nergies dont ton corps et ton \u00e2me ont besoin. J\u2019utilise aussi les fr\u00e9quences des bols de cristal, du [&hellip;]<\/p>\n","protected":false},"author":1,"featured_media":0,"parent":0,"menu_order":0,"comment_status":"closed","ping_status":"closed","template":"","meta":{"_et_pb_use_builder":"on","_et_pb_old_content":"","_et_gb_content_width":"","footnotes":""},"class_list":["post-920","page","type-page","status-publish","hentry"],"_links":{"self":[{"href":"https:\/\/institutdakini.com\/en\/wp-json\/wp\/v2\/pages\/920","targetHints":{"allow":["GET"]}}],"collection":[{"href":"https:\/\/institutdakini.com\/en\/wp-json\/wp\/v2\/pages"}],"about":[{"href":"https:\/\/institutdakini.com\/en\/wp-json\/wp\/v2\/types\/page"}],"author":[{"embeddable":true,"href":"https:\/\/institutdakini.com\/en\/wp-json\/wp\/v2\/users\/1"}],"replies":[{"embeddable":true,"href":"https:\/\/institutdakini.com\/en\/wp-json\/wp\/v2\/comments?post=920"}],"version-history":[{"count":4,"href":"https:\/\/institutdakini.com\/en\/wp-json\/wp\/v2\/pages\/920\/revisions"}],"predecessor-version":[{"id":991,"href":"https:\/\/institutdakini.com\/en\/wp-json\/wp\/v2\/pages\/920\/revisions\/991"}],"wp:attachment":[{"href":"https:\/\/institutdakini.com\/en\/wp-json\/wp\/v2\/media?parent=920"}],"curies":[{"name":"wp","href":"https:\/\/api.w.org\/{rel}","templated":true}]}}